{"id":210,"date":"2018-09-15T04:13:00","date_gmt":"2018-09-15T04:13:00","guid":{"rendered":"https:\/\/irs-soft.com\/wp\/regulations\/?page_id=210"},"modified":"2024-07-06T11:37:35","modified_gmt":"2024-07-06T11:37:35","slug":"home-style-three","status":"publish","type":"page","link":"https:\/\/zoranjakovljevic.com\/","title":{"rendered":"Home style Three"},"content":{"rendered":"<p><section data-kc-fullwidth=\"content\" class=\"kc-elm kc-css-707666 kc_row\"><div class=\"kc-row-container\"><div class=\"kc-wrap-columns\"><div class=\"kc-elm kc-css-107433 kc_col-sm-12 kc_column kc_col-sm-12\"><div class=\"kc-col-container\">  <!-- start of hero -->\n  <div class=\"hero hero-slider-wrapper  hero-style-1  hero-69fb255e35a30 \">\n    <div class=\"hero-slider\">\n          <div class=\"slide\">\n                  <img decoding=\"async\" src=\"https:\/\/zoranjakovljevic.com\/wp-content\/uploads\/2019\/12\/slide-2.jpg\" class=\"slider-bg\" alt=\"\">\n                <div class=\"container\">\n          <div class=\"row\">\n              <div class=\"col col-lg-7 slide-caption\">\n                                      <p>Beside you as your Friend<\/p>\n                                      <h2>\n                                              <span>Finest &amp; Strongest<\/span>\n                                             <span>Law firm in the world<\/span>\n                                           <\/h2>\n                  <div class=\"btns\">\n                                              <a href=\"#\" class=\"theme-btn-s2\">\n                           Free Consultation                         <\/a>\n                                        <\/div>\n              <\/div>\n          <\/div>\n        <\/div>\n      <\/div>\n          <div class=\"slide\">\n                  <img decoding=\"async\" src=\"https:\/\/zoranjakovljevic.com\/wp-content\/uploads\/2018\/09\/slide-2.jpg\" class=\"slider-bg\" alt=\"\">\n                <div class=\"container\">\n          <div class=\"row\">\n              <div class=\"col col-lg-7 slide-caption\">\n                                      <p>Beside you as your Friend<\/p>\n                                      <h2>\n                                              <span>Finest &amp; Strongest<\/span>\n                                             <span>Law firm in the world<\/span>\n                                           <\/h2>\n                  <div class=\"btns\">\n                                              <a href=\"#\" class=\"theme-btn-s2\">\n                           Free Consultation                         <\/a>\n                                        <\/div>\n              <\/div>\n          <\/div>\n        <\/div>\n      <\/div>\n        <\/div>\n  <\/div>\n  <!-- end of hero slider -->\n <\/div><\/div><\/div><\/div><\/section><section class=\"kc-elm kc-css-773892 kc_row\"><div class=\"kc-row-container  kc-container\"><div class=\"kc-wrap-columns\"><div class=\"kc-elm kc-css-691947 kc_col-sm-12 kc_column kc_col-sm-12\"><div class=\"kc-col-container\">      <div class=\"about-section row\">\n          <div class=\"col col-md-5\">\n              <div class=\"about-title\">\n                  <div class=\"img-holder\">\n                      <img decoding=\"async\" src=\"https:\/\/zoranjakovljevic.com\/wp-content\/uploads\/2018\/09\/about.jpg\" alt=\"\">\n                  <\/div>\n                  <div class=\"title-text\">\n                                              <h2>Advokatska kancelarija<br \/><\/h2>\n                                                 <p>Zoran Jakovljevi\u0107<\/p>\n                                            <\/div>\n              <\/div>\n          <\/div>\n          <div class=\"col col-md-7\">\n              <div class=\"about-text\">\n                  <p>Advokatska Kancellarija Zoran R Jakovljevi\u0107 osnovna je 2010 godine i ista je od svog osnivanja pa do danas bila anga\u017eovana u brojnim zastupanjima predmeta krivi\u010dnog gra\u0111anskog privrednog upravnog i radnog prava.<\/p>\r\n<p>Osniva\u010d kancelarije Advokat Zoran Jakovljevi\u0107 zajedno sa svojim kolegama advokatima i saradnicima u\u010destovao je u zastupanju u brojnim pravnim predmetima visoke slo\u017eenosti i obimnosti. Profesionalni opus i delokrug rada kancelarije odnosi se na razne vrste pru\u017eanja pravnih usluga, u okviru toga podno\u0161enja krivi\u010dnih prijava i iniciranje pokretanja krivi\u010dnih postupaka, i vr\u0161enje odbrane u istim, podno\u0161enja tu\u017ebi i zastupanje u postupcima gra\u0111anskog, privrednog upravnog i radnog prava kao i ulaganje rednovnih i vanrednih pravnih lekova, sa\u010dinjavanja raznih vrsta ugovora kao i iniciranja i pokretanja izvr\u0161nog postupka vezanog za navedene oblasti prava.<\/p>\r\n<p>U navedenom vremenskom periodu kancealarija je ostvarila uspe\u0161nu poslovnu saradnju sa stranim klijentima koji su investirali u republici Srbiji u segmentu pru\u017eanja konsalting usluga i preduzimanja svih radnji i mera u cilju za\u0161tite ulo\u017eenog kapitala i efikasnije realizacije investicije.<\/p>\r\n<p>U navedenom vremenskom intervalu kancelarija sa ponosom isti\u0161e \u010dinjencu da je vr\u0161ila edukaciju, praksu i obuku dplomiranih pravnika i studenata.<\/p>\r\n                    <a href=\"https:\/\/zoranjakovljevic.com\/?page_id=18\" class=\"theme-btn-s2\">\n                       Zaka\u017eite Konsultacije                    <\/a>\n                                 <\/div>\n          <\/div>\n      <\/div>\n        <\/div><\/div><\/div><\/div><\/section><section data-kc-fullwidth=\"row\" class=\"kc-elm kc-css-450053 kc_row\"><div class=\"kc-row-container  kc-container\"><div class=\"kc-wrap-columns\"><div class=\"kc-elm kc-css-740405 kc_col-sm-12 kc_column kc_col-sm-12\"><div class=\"kc-col-container\">  <div class=\"section-title  section-title-69fb255e35cb3 \">\r\n      <span>Oblasti<\/span>\r\n      <h2><\/h2>\r\n  <\/div>\r\n       <div class=\"services-section  services-section-69fb255e35cc1  \">\n      <div class=\"service-grids service-slider\"  data-autoplay=\"true\" data-nav=\"true\" data-items=\"6\">\n                   <div class=\"grid\">\n            <div class=\"icon\">\n                <i class=\"flaticon-thief-2\"><\/i>\n            <\/div>\n            <h4><a href=\"\">Krivi\u010dno<\/a><\/h4>\n            <p> <\/p>\n        <\/div>\n              <div class=\"grid\">\n            <div class=\"icon\">\n                <i class=\"flaticon-briefcase\"><\/i>\n            <\/div>\n            <h4><a href=\"\">Privredno<\/a><\/h4>\n            <p> <\/p>\n        <\/div>\n              <div class=\"grid\">\n            <div class=\"icon\">\n                <i class=\"flaticon-wounded\"><\/i>\n            <\/div>\n            <h4><a href=\"\">Porodi\u010dno<\/a><\/h4>\n            <p> <\/p>\n        <\/div>\n              <div class=\"grid\">\n            <div class=\"icon\">\n                <i class=\"flaticon-thief-1\"><\/i>\n            <\/div>\n            <h4><a href=\"\">Upravno<\/a><\/h4>\n            <p> <\/p>\n        <\/div>\n              <div class=\"grid\">\n            <div class=\"icon\">\n                <i class=\"flaticon-laptop\"><\/i>\n            <\/div>\n            <h4><a href=\"\">Izvr\u0161no<\/a><\/h4>\n            <p> <\/p>\n        <\/div>\n              <div class=\"grid\">\n            <div class=\"icon\">\n                <i class=\"flaticon-parents\"><\/i>\n            <\/div>\n            <h4><a href=\"\">Radno<\/a><\/h4>\n            <p> <\/p>\n        <\/div>\n             <\/div>\n     <\/div>\n    <\/div><\/div><\/div><\/div><\/section><section data-kc-fullwidth=\"row\" class=\"kc-elm kc-css-229937 kc_row\"><div class=\"kc-row-container  kc-container\"><div class=\"kc-wrap-columns\"><div class=\"kc-elm kc-css-268004 kc_col-sm-12 kc_column kc_col-sm-12\"><div class=\"kc-col-container\">  <div class=\"testimonials-section \">\n      <div class=\"testimonial-grids testimonial-slider\">\n                <div class=\"grid\" >\n              <div class=\"client-pic\">\n                                  <img decoding=\"async\" src=\"https:\/\/zoranjakovljevic.com\/wp-content\/uploads\/2019\/12\/zoran-1.jpg\" alt=\"\">\n                              <\/div>\n              <div class=\"details\">\n                  <div class=\"content\">\n                                            <p >Zajedno, do Pobede!<\/p>\n                                           <div class=\"client-info\">\n                                                  <h4 >- Zoran Jakovljevi\u0107<\/h4>\n                                                  <span class=\"client-job\" >Osniva\u010d<\/span>\n                                              <\/div>\n                  <\/div>\n              <\/div>\n          <\/div>\n              <\/div>\n  <\/div>\n  <\/div><\/div><\/div><\/div><\/section><section data-kc-fullwidth=\"row\" class=\"kc-elm kc-css-719683 kc_row\"><div class=\"kc-row-container  kc-container\"><div class=\"kc-wrap-columns\"><div class=\"kc-elm kc-css-959318 kc_col-sm-7 kc_column kc_col-sm-7\"><div class=\"kc-col-container\">  <div class=\"contact-section  contact-section-69fb255e36232 \">\r\n    <div class=\"contact-content\">\r\n      <div class=\"text\">\r\n                  <h2>Free Consulting<br \/>for our client.<\/h2>\r\n                   <p>Call us 24\/7 at 869-5414-5 or fill out the form below to receive a free and confidential initial consultation.<\/p>\r\n                <\/div>\r\n      <div class=\"contact-form row\">\r\n        <p class=\"wpcf7-contact-form-not-found\"><strong>Error:<\/strong> Contact form not found.<\/p>      <\/div>\r\n    <\/div>\r\n  <\/div>\r\n  <\/div><\/div><div class=\"kc-elm kc-css-537034 kc_col-sm-5 kc_column kc_col-sm-5\"><div class=\"kc-col-container\"><\/div><\/div><\/div><\/div><\/section><section class=\"kc-elm kc-css-678781 kc_row\"><div class=\"kc-row-container  kc-container\"><div class=\"kc-wrap-columns\"><div class=\"kc-elm kc-css-895594 kc_col-sm-12 kc_column kc_col-sm-12\"><div class=\"kc-col-container\">  <div class=\"section-title  section-title-69fb255e36343 \">\r\n      <span>CASES WE SOLVED<\/span>\r\n      <h2>Case Studies<\/h2>\r\n  <\/div>\r\n       <div class=\"case-studies-section row  case-studies-section-69fb255e36351 \">\r\n      <div class=\"col col-md-7 recent-cases-thumbs\">\r\n        <div class=\"recent-cases-thumbs-outer\">\r\n             <div class=\"recent-case-thumb active-thumb\" data-case=\"#case-content-2\">\r\n          <div class=\"img-holder\">\r\n             <img decoding=\"async\" src=\"https:\/\/zoranjakovljevic.com\/wp-content\/uploads\/2018\/09\/case-1.jpg\" alt=\"\">\r\n          <\/div>\r\n          <div class=\"overlay-text\">\r\n              <div class=\"text-inner\">\r\n                  <p class=\"cat\">Law, Justice<\/p>\r\n                  <h3>Civil Litigation<\/h3>\r\n              <\/div>\r\n          <\/div>\r\n      <\/div>\r\n          <div class=\"recent-case-thumb \" data-case=\"#case-content-3\">\r\n          <div class=\"img-holder\">\r\n             <img decoding=\"async\" src=\"https:\/\/zoranjakovljevic.com\/wp-content\/uploads\/2018\/09\/case-2.jpg\" alt=\"\">\r\n          <\/div>\r\n          <div class=\"overlay-text\">\r\n              <div class=\"text-inner\">\r\n                  <p class=\"cat\">Law, Justice<\/p>\r\n                  <h3>Civil Litigation<\/h3>\r\n              <\/div>\r\n          <\/div>\r\n      <\/div>\r\n          <div class=\"recent-case-thumb \" data-case=\"#case-content-4\">\r\n          <div class=\"img-holder\">\r\n             <img decoding=\"async\" src=\"https:\/\/zoranjakovljevic.com\/wp-content\/uploads\/2018\/09\/case-3.jpg\" alt=\"\">\r\n          <\/div>\r\n          <div class=\"overlay-text\">\r\n              <div class=\"text-inner\">\r\n                  <p class=\"cat\">Law, Justice<\/p>\r\n                  <h3>Civil Litigation<\/h3>\r\n              <\/div>\r\n          <\/div>\r\n      <\/div>\r\n          <div class=\"recent-case-thumb \" data-case=\"#case-content-5\">\r\n          <div class=\"img-holder\">\r\n             <img decoding=\"async\" src=\"https:\/\/zoranjakovljevic.com\/wp-content\/uploads\/2018\/09\/case-4.jpg\" alt=\"\">\r\n          <\/div>\r\n          <div class=\"overlay-text\">\r\n              <div class=\"text-inner\">\r\n                  <p class=\"cat\">Law, Justice<\/p>\r\n                  <h3>Civil Litigation<\/h3>\r\n              <\/div>\r\n          <\/div>\r\n      <\/div>\r\n         <\/div>\r\n  <\/div>\r\n    <div class=\"col col-md-5 recent-cases-content\">\r\n    <div class=\"recent-cases-content-outer\">\r\n          <div class=\"recent-case-data active-case-data\" id=\"case-content-2\">\r\n          <div class=\"date\">\r\n              <h5>Sep, 13<span>2018<\/span><\/h5>\r\n          <\/div>\r\n          <h3><a href=\"https:\/\/zoranjakovljevic.com\/?case=patrizias-case-appeals\">Patrizia\u2019s Case: Appeals, Civil Litigation, Negligence and Minimum Maintenance Standards<\/a><\/h3>\r\n          <p>Recently cut out of an illustrated magazine and housed in a nice, gilded frame. It showed a lady fitted out with a fur hat and fur boa who sat upright, raising a heavy fur muff that covered the whole of her lower arm towards the viewer. Gregor then.e, gilded frame. It showed a lady fitted out with a fur hat and fur boa who sat upright, raising a heavy fur muff that covered the whole of her lower armn. <\/p>\r\n          <a href=\"https:\/\/zoranjakovljevic.com\/?case=patrizias-case-appeals\" class=\"theme-btn-s4\">View Details<\/a>\r\n      <\/div>\r\n           <div class=\"recent-case-data \" id=\"case-content-3\">\r\n          <div class=\"date\">\r\n              <h5>Sep, 13<span>2018<\/span><\/h5>\r\n          <\/div>\r\n          <h3><a href=\"https:\/\/zoranjakovljevic.com\/?case=civil-litigation-negligence-and-minimum-2\">Standards Negligence and Minimum Litigation, Negligence and Minimum Maintenance Standards<\/a><\/h3>\r\n          <p>Recently cut out of an illustrated magazine and housed in a nice, gilded frame. It showed a lady fitted out with a fur hat and fur boa who sat upright, raising a heavy fur muff that covered the whole of her lower arm towards the viewer. Gregor then.e, gilded frame. It showed a lady fitted out with a fur hat and fur boa who sat upright, raising a heavy fur muff that covered the whole of her lower armn. <\/p>\r\n          <a href=\"https:\/\/zoranjakovljevic.com\/?case=civil-litigation-negligence-and-minimum-2\" class=\"theme-btn-s4\">View Details<\/a>\r\n      <\/div>\r\n           <div class=\"recent-case-data \" id=\"case-content-4\">\r\n          <div class=\"date\">\r\n              <h5>Sep, 13<span>2018<\/span><\/h5>\r\n          <\/div>\r\n          <h3><a href=\"https:\/\/zoranjakovljevic.com\/?case=civil-litigation-negligence-and-minimum-3\">Patrizia\u2019s Case: Appeals, Civil Litigation, Negligence and Minimum Maintenance Standards<\/a><\/h3>\r\n          <p>Recently cut out of an illustrated magazine and housed in a nice, gilded frame. It showed a lady fitted out with a fur hat and fur boa who sat upright, raising a heavy fur muff that covered the whole of her lower arm towards the viewer. Gregor then.e, gilded frame. It showed a lady fitted out with a fur hat and fur boa who sat upright, raising a heavy fur muff that covered the whole of her lower armn. <\/p>\r\n          <a href=\"https:\/\/zoranjakovljevic.com\/?case=civil-litigation-negligence-and-minimum-3\" class=\"theme-btn-s4\">View Details<\/a>\r\n      <\/div>\r\n           <div class=\"recent-case-data \" id=\"case-content-5\">\r\n          <div class=\"date\">\r\n              <h5>Sep, 13<span>2018<\/span><\/h5>\r\n          <\/div>\r\n          <h3><a href=\"https:\/\/zoranjakovljevic.com\/?case=civil-litigation-negligence-and-minimum-4\">Standards Negligence and Minimum Litigation, Negligence and Minimum Maintenance Standards<\/a><\/h3>\r\n          <p>Recently cut out of an illustrated magazine and housed in a nice, gilded frame. It showed a lady fitted out with a fur hat and fur boa who sat upright, raising a heavy fur muff that covered the whole of her lower arm towards the viewer. Gregor then.e, gilded frame. It showed a lady fitted out with a fur hat and fur boa who sat upright, raising a heavy fur muff that covered the whole of her lower armn. <\/p>\r\n          <a href=\"https:\/\/zoranjakovljevic.com\/?case=civil-litigation-negligence-and-minimum-4\" class=\"theme-btn-s4\">View Details<\/a>\r\n      <\/div>\r\n         <\/div>\r\n  <\/div>\r\n  <\/div>\r\n<\/div><\/div><\/div><\/div><\/section><section data-kc-fullwidth=\"row\" class=\"kc-elm kc-css-481317 kc_row\"><div class=\"kc-row-container  kc-container\"><div class=\"kc-wrap-columns\"><div class=\"kc-elm kc-css-335909 kc_col-sm-12 kc_column kc_col-sm-12\"><div class=\"kc-col-container\">  <div class=\"section-title  section-title-69fb255e36a6c \">\r\n      <span>Upoznajte tim<\/span>\r\n      <h2>Na\u0161i Advokati<\/h2>\r\n  <\/div>\r\n   \n<div class=\"kc-elm kc-css-631635 kc-blog-posts kc-blog-posts-3 kc-blog-grid kc_blog_masonry kc-image-align-both\">\n\t\n\t\t\n\t\n<\/div>\n<\/div><\/div><\/div><\/div><\/section><section data-kc-fullwidth=\"row\" class=\"kc-elm kc-css-525720 kc_row\"><div class=\"kc-row-container  kc-container\"><div class=\"kc-wrap-columns\"><div class=\"kc-elm kc-css-979376 kc_col-sm-12 kc_column kc_col-sm-12\"><div class=\"kc-col-container\">  <div class=\"cta-section row  cta-section-69fb255e36def \">\r\n      <div class=\"col col-md-8\">\r\n          <div class=\"cta-text\">\r\n              <h2>Our Expert professional law team is always ready to serve you the best solution!<\/h2>\r\n              <p>It showed a lady fitted out with a fur hat and fur boa who sat upright, raising a heavy fur muff that covered the whole of her lower arm towards the viewer..<\/p>\r\n              <a href=\"#\" class=\"theme-btn-s2\"> Free Consultation <\/a>\r\n          <\/div>\r\n      <\/div>\r\n      <div class=\"info-box\">\r\n          <p>2545-2455-645<\/p>\r\n          <p>reg@demo.com<\/p>\r\n      <\/div>\r\n  <\/div>\r\n  <\/div><\/div><\/div><\/div><\/section><section data-kc-fullwidth=\"row\" class=\"kc-elm kc-css-330057 kc_row\"><div class=\"kc-row-container  kc-container\"><div class=\"kc-wrap-columns\"><div class=\"kc-elm kc-css-78314 kc_col-sm-12 kc_column kc_col-sm-12\"><div class=\"kc-col-container\">  <div class=\"section-title  section-title-69fb255e36e5e \">\r\n      <span>OUR BLOGS<\/span>\r\n      <h2>Recent News<\/h2>\r\n  <\/div>\r\n   \t\t\t<div class=\"recent-blog-section  recent-blog-section-69fb255e36e70\">\r\n    \t\t<div class=\"blog-grids clearfix\">\r\n\t\t\t\t\t\t\t\t\t  \t<div class=\"grid\">\r\n\t\t\t\t      <div class=\"img-holder\">\r\n\t\t\t\t         <img decoding=\"async\" src=\"\" alt=\"\">\r\n\t\t\t\t      <\/div>\r\n\t\t\t\t     \t\t\t\t      <div class=\"date\">\r\n\t\t\t\t          <p>12<span>Sep<\/span><\/p>\r\n\t\t\t\t      <\/div>\r\n\t\t\t\t     \t\t\t\t      <div class=\"details\">\r\n\t\t\t\t          <h3><a href=\"https:\/\/zoranjakovljevic.com\/?p=572\">Hello world!<\/a><\/h3>\r\n\t\t\t\t          <div class=\"meta\">\r\n\t\t\t\t              <ul>\r\n\t\t\t\t              \t<li><span> by <a href=\"https:\/\/zoranjakovljevic.com\/?author=1\" rel=\"author\">stefan@certic.info<\/a><\/span><\/li>\t\t\t\t              <\/ul>\r\n\t\t\t\t          <\/div>\r\n\t\t\t\t      <\/div>\r\n\t\t\t\t  <\/div>\r\n\t\t\t\t\t\t\t\t<\/div>\r\n\t\t\t\t\t\t\t<\/div>\r\n\t\t\t<!--End blog section-->\r\n    <\/div><\/div><\/div><\/div><\/section><section class=\"kc-elm kc-css-863951 kc_row\"><div class=\"kc-row-container  kc-container\"><div class=\"kc-wrap-columns\"><div class=\"kc-elm kc-css-185481 kc_col-sm-12 kc_column kc_col-sm-12\"><div class=\"kc-col-container\">  <div class=\"partners-section\">\r\n      <div class=\"partner-grids partners-slider\">\r\n                     <div class=\"grid\">\r\n                <a href=\"#\">\r\n                \t<img decoding=\"async\" src=\"https:\/\/zoranjakovljevic.com\/wp-content\/uploads\/2018\/09\/client-1.jpg\" alt=\"\">\r\n                <\/a>\r\n            <\/div>\r\n                     <div class=\"grid\">\r\n                <a href=\"#\">\r\n                \t<img decoding=\"async\" src=\"https:\/\/zoranjakovljevic.com\/wp-content\/uploads\/2018\/09\/client-2.jpg\" alt=\"\">\r\n                <\/a>\r\n            <\/div>\r\n                     <div class=\"grid\">\r\n                <a href=\"#\">\r\n                \t<img decoding=\"async\" src=\"https:\/\/zoranjakovljevic.com\/wp-content\/uploads\/2018\/09\/client-3.jpg\" alt=\"\">\r\n                <\/a>\r\n            <\/div>\r\n                     <div class=\"grid\">\r\n                <a href=\"#\">\r\n                \t<img decoding=\"async\" src=\"https:\/\/zoranjakovljevic.com\/wp-content\/uploads\/2018\/09\/client-4.jpg\" alt=\"\">\r\n                <\/a>\r\n            <\/div>\r\n                     <div class=\"grid\">\r\n                <a href=\"#\">\r\n                \t<img decoding=\"async\" src=\"https:\/\/zoranjakovljevic.com\/wp-content\/uploads\/2018\/09\/client-3.jpg\" alt=\"\">\r\n                <\/a>\r\n            <\/div>\r\n               <\/div>\r\n  <\/div>\r\n\t<\/div><\/div><\/div><\/div><\/section><section data-kc-fullwidth=\"row\" class=\"kc-elm kc-css-447016 kc_row\"><div class=\"kc-row-container  kc-container\"><div class=\"kc-wrap-columns\"><div class=\"kc-elm kc-css-727872 kc_col-sm-12 kc_column kc_col-sm-12\"><div class=\"kc-col-container\">    <div class=\"social-newsletter-section  social-69fb255e37419 \">\r\n      <div class=\"social-holder\">\r\n                   <div><a href=\"#\">\r\n            <i class=\"fa fa-facebook\"><\/i>\r\n            <span>Facebook<\/span><\/a>\r\n          <\/div>\r\n                  <div><a href=\"#\">\r\n            <i class=\"fa fa-twitter\"><\/i>\r\n            <span>Twitter<\/span><\/a>\r\n          <\/div>\r\n                  <div><a href=\"#\">\r\n            <i class=\"fa fa-google-plus\"><\/i>\r\n            <span>Google plus<\/span><\/a>\r\n          <\/div>\r\n                  <div><a href=\"https:\/\/www.linkedin.com\/in\/zoran-jakovljevic-96522171\/\">\r\n            <i class=\"fa fa-linkedin\"><\/i>\r\n            <span>linkedin<\/span><\/a>\r\n          <\/div>\r\n                  <div><a href=\"#\">\r\n            <i class=\"fa fa-pinterest\"><\/i>\r\n            <span>Pinterest<\/span><\/a>\r\n          <\/div>\r\n              <\/div>\r\n    <\/div>\r\n    <div class=\"kc-elm kc-css-419519 kc_text_block\"><\/p>\n<p>\n<\/div><\/div><\/div><\/div><\/div><\/section><\/p>\n","protected":false},"excerpt":{"rendered":"","protected":false},"author":1,"featured_media":0,"parent":0,"menu_order":0,"comment_status":"closed","ping_status":"closed","template":"","meta":{"footnotes":""},"_links":{"self":[{"href":"https:\/\/zoranjakovljevic.com\/index.php?rest_route=\/wp\/v2\/pages\/210"}],"collection":[{"href":"https:\/\/zoranjakovljevic.com\/index.php?rest_route=\/wp\/v2\/pages"}],"about":[{"href":"https:\/\/zoranjakovljevic.com\/index.php?rest_route=\/wp\/v2\/types\/page"}],"author":[{"embeddable":true,"href":"https:\/\/zoranjakovljevic.com\/index.php?rest_route=\/wp\/v2\/users\/1"}],"replies":[{"embeddable":true,"href":"https:\/\/zoranjakovljevic.com\/index.php?rest_route=%2Fwp%2Fv2%2Fcomments&post=210"}],"version-history":[{"count":124,"href":"https:\/\/zoranjakovljevic.com\/index.php?rest_route=\/wp\/v2\/pages\/210\/revisions"}],"predecessor-version":[{"id":872,"href":"https:\/\/zoranjakovljevic.com\/index.php?rest_route=\/wp\/v2\/pages\/210\/revisions\/872"}],"wp:attachment":[{"href":"https:\/\/zoranjakovljevic.com\/index.php?rest_route=%2Fwp%2Fv2%2Fmedia&parent=210"}],"curies":[{"name":"wp","href":"https:\/\/api.w.org\/{rel}","templated":true}]}}